{"id":362,"date":"2019-10-27T12:33:23","date_gmt":"2019-10-27T11:33:23","guid":{"rendered":"https:\/\/www.dr-lademann-partner.de\/?page_id=362"},"modified":"2023-11-27T14:45:19","modified_gmt":"2023-11-27T13:45:19","slug":"impressum","status":"publish","type":"page","link":"https:\/\/www.dr-lademann-partner.de\/de\/impressum\/","title":{"rendered":"Impressum"},"content":{"rendered":"<h4>Dr. Lademann &amp; Partner<\/h4>\n<p>Gesellschaft f\u00fcr Unternehmens- und Kommunalberatung mbH<br \/>\nFriedrich-Ebert-Damm 311<br \/>\n22159 Hamburg<br \/>\n+49 40 64 55 77-0<br \/>\ninfo(at)dr-lademann-partner.de<\/p>\n<p><strong>Gesch\u00e4ftsf\u00fchrer:\u00a0<\/strong>Uwe Seidel, Sandra Emmerling, Boris B\u00f6hm<br \/>\n<strong>Handelsregister: <\/strong>Amtsgericht\u00a0Hamburg HRB 36703<br \/>\n<strong>Umsatzsteuer-Identifikationsnummer:\u00a0<\/strong>DE 118658500<\/p>\n<p><strong>Konzeption und Gestaltung:\u00a0<\/strong><a href=\"https:\/\/www.WEBERSUPIRAN.berlin\" target=\"_blank\" rel=\"noopener noreferrer\">WEBERSUPIRAN.berlin<\/a><br \/>\n<strong>Programmierung:<\/strong> <a href=\"https:\/\/variante-b.de\/\" target=\"_blank\" rel=\"noopener noreferrer\">VARIANTE B<\/a><\/p>\n<p><strong>Fotos<\/strong>:<br \/>\nLICHT FORM ARTE, Hamburg &#8211; Michaela Kuhn<br \/>\nDr. Lademann &amp; Partner GmbH, Hamburg<br \/>\n\u00a9 Greenbox Landschaftsarchitekten \/ Siemens<br \/>\nHerzog + de Meuron<\/p>\n<h4><strong>Weitere Rechtliche Hinweise<\/strong><\/h4>\n<p><strong>Verwendung von externen Links<br \/>\n<\/strong>Die Webseite enth\u00e4lt Verkn\u00fcpfungen zu Webseiten Dritter (\u201eexterne Links\u201c). Diese Webseiten unterliegen der Haftung des jeweiligen Webseitenbetreibers. Die Dr. Lademann &amp; Partner Gesellschaft f\u00fcr Unternehmens- und Kommunalberatung mbH (nachfolgend auf dieser Seite auch \u201e<strong>DLP<\/strong>\u201c) hat keinerlei Einfluss auf die aktuelle und zuk\u00fcnftige Gestaltung und auf die Inhalte der verkn\u00fcpften Seiten. Das Setzen von externen Links bedeutet nicht, dass sich DLP die hinter dem Verweis oder Link liegenden Inhalte zu Eigen macht. Eine st\u00e4ndige Kontrolle dieser externen Links ist f\u00fcr DLP ohne konkrete Hinweise auf Rechtsverst\u00f6\u00dfe nicht zumutbar. Bei Kenntnis von Rechtsverst\u00f6\u00dfen werden derartige externe Links jedoch unverz\u00fcglich gel\u00f6scht.<\/p>\n<p><strong>Copyright<\/strong><br \/>\nS\u00e4mtliche Inhalte dieser Webseite sind urheberrechtlich gesch\u00fctzt. Die Vervielf\u00e4ltigung und Verwendung von Texten, Bildern, Informationen oder Daten, auch auszugsweise, bed\u00fcrfen der vorherigen Zustimmung von DLP.<\/p>\n","protected":false},"excerpt":{"rendered":"<p>Dr. Lademann &amp; Partner Gesellschaft f\u00fcr Unternehmens- und Kommunalberatung mbH Friedrich-Ebert-Damm 311 22159 Hamburg +49 40 64 55 77-0 info(at)dr-lademann-partner.de Gesch\u00e4ftsf\u00fchrer:\u00a0Uwe Seidel, Sandra Emmerling, Boris B\u00f6hm Handelsregister: Amtsgericht\u00a0Hamburg HRB 36703 Umsatzsteuer-Identifikationsnummer:\u00a0DE 118658500 Konzeption und Gestaltung:\u00a0WEBERSUPIRAN.berlin Programmierung: VARIANTE B Fotos: LICHT FORM ARTE, Hamburg &#8211; Michaela Kuhn Dr. Lademann &amp; Partner GmbH, Hamburg \u00a9 Greenbox Landschaftsarchitekten [&hellip;]<\/p>\n","protected":false},"author":1,"featured_media":0,"parent":0,"menu_order":23,"comment_status":"closed","ping_status":"closed","template":"","meta":{"_acf_changed":false,"footnotes":""},"class_list":["post-362","page","type-page","status-publish","hentry"],"acf":[],"_links":{"self":[{"href":"https:\/\/www.dr-lademann-partner.de\/de\/wp-json\/wp\/v2\/pages\/362","targetHints":{"allow":["GET"]}}],"collection":[{"href":"https:\/\/www.dr-lademann-partner.de\/de\/wp-json\/wp\/v2\/pages"}],"about":[{"href":"https:\/\/www.dr-lademann-partner.de\/de\/wp-json\/wp\/v2\/types\/page"}],"author":[{"embeddable":true,"href":"https:\/\/www.dr-lademann-partner.de\/de\/wp-json\/wp\/v2\/users\/1"}],"replies":[{"embeddable":true,"href":"https:\/\/www.dr-lademann-partner.de\/de\/wp-json\/wp\/v2\/comments?post=362"}],"version-history":[{"count":6,"href":"https:\/\/www.dr-lademann-partner.de\/de\/wp-json\/wp\/v2\/pages\/362\/revisions"}],"predecessor-version":[{"id":1839,"href":"https:\/\/www.dr-lademann-partner.de\/de\/wp-json\/wp\/v2\/pages\/362\/revisions\/1839"}],"wp:attachment":[{"href":"https:\/\/www.dr-lademann-partner.de\/de\/wp-json\/wp\/v2\/media?parent=362"}],"curies":[{"name":"wp","href":"https:\/\/api.w.org\/{rel}","templated":true}]}}